{"id":2270,"date":"2021-04-09T15:53:21","date_gmt":"2021-04-09T13:53:21","guid":{"rendered":"https:\/\/scierieeymard.fr\/?post_type=product&#038;p=2270"},"modified":"2021-04-30T10:43:50","modified_gmt":"2021-04-30T08:43:50","slug":"table-classique","status":"publish","type":"product","link":"https:\/\/scierieeymard.fr\/en\/produit\/table-classique\/","title":{"rendered":"Table classique"},"content":{"rendered":"<p style=\"margin: 0cm;\"><u>Section de bois<\/u> :<br \/>\nPlateau 45\/145 mm<br \/>\nBanc 45\/145 mm<br \/>\nPi\u00e8tement 45\/145 mm<br \/>\nRenfort 45\/65 mm<\/p>\n<p><u>Options<\/u> :<br \/>\nTraitement autoclave marron<br \/>\nPossibilit\u00e9 d\u2019allonger le plateau pour l\u2019accueil de Personnes \u00e0 Mobilit\u00e9 R\u00e9duite<br \/>\nPossibilit\u00e9 de livrer la table assembl\u00e9e.<\/p>\n","protected":false},"excerpt":{"rendered":"<p><span style=\"color: #ff6f6f;\"><strong><u>Fabrication locale et fran\u00e7aise<\/u><\/strong><\/span><br \/>\n<strong>NB<\/strong> : livr\u00e9 en kit, \u00e0 monter soi-m\u00eame<br \/>\n<strong>Essence<\/strong> : Douglas massif<br \/>\n<strong>Nombre de places assises<\/strong> : 8 places<\/p>\n","protected":false},"featured_media":2271,"comment_status":"closed","ping_status":"closed","template":"","meta":{"inline_featured_image":false},"product_brand":[],"product_cat":[62,38],"product_tag":[],"class_list":{"0":"post-2270","1":"product","2":"type-product","3":"status-publish","4":"has-post-thumbnail","6":"product_cat-produits-standards","7":"product_cat-tables-en-bois","8":"","9":"woocommerce-text-align-center","10":"woocommerce-image-align-center","11":"wc-has-gallery","13":"first","14":"instock","15":"taxable","16":"shipping-taxable","17":"product-type-simple"},"yoast_head":"<!-- This site is optimized with the Yoast SEO plugin v26.4 - https:\/\/yoast.com\/wordpress\/plugins\/seo\/ -->\n<title>Table classique - Scierie Eymard<\/title>\n<meta name=\"robots\" content=\"index, follow, max-snippet:-1, max-image-preview:large, max-video-preview:-1\" \/>\n<link rel=\"canonical\" href=\"https:\/\/scierieeymard.fr\/en\/produit\/table-classique\/\" \/>\n<meta property=\"og:locale\" content=\"en_US\" \/>\n<meta property=\"og:type\" content=\"article\" \/>\n<meta property=\"og:title\" content=\"Table classique - Scierie Eymard\" \/>\n<meta property=\"og:description\" content=\"Fabrication locale et fran\u00e7aise NB : livr\u00e9 en kit, \u00e0 monter soi-m\u00eame Essence : Douglas massif Nombre de places assises : 8 places\" \/>\n<meta property=\"og:url\" content=\"https:\/\/scierieeymard.fr\/en\/produit\/table-classique\/\" \/>\n<meta property=\"og:site_name\" content=\"Scierie Eymard\" \/>\n<meta property=\"article:publisher\" content=\"https:\/\/www.facebook.com\/Scierie-Eymard-107101317462870\/?hc_ref=ARSVTm91ZViHJxXc9szbyYr8rkqRgoG2SJjmX0q-GSPQ7r6idfZTSg5z5JMatqpxVtI&amp;fref=nf&amp;__tn__=kC-R\" \/>\n<meta property=\"article:modified_time\" content=\"2021-04-30T08:43:50+00:00\" \/>\n<meta property=\"og:image\" content=\"https:\/\/scierieeymard.fr\/wp-content\/uploads\/2021\/04\/1-Table-classique.jpg\" \/>\n\t<meta property=\"og:image:width\" content=\"600\" \/>\n\t<meta property=\"og:image:height\" content=\"429\" \/>\n\t<meta property=\"og:image:type\" content=\"image\/jpeg\" \/>\n<meta name=\"twitter:card\" content=\"summary_large_image\" \/>\n<meta name=\"twitter:label1\" content=\"Est. reading time\" \/>\n\t<meta name=\"twitter:data1\" content=\"1 minute\" \/>\n<script type=\"application\/ld+json\" class=\"yoast-schema-graph\">{\"@context\":\"https:\/\/schema.org\",\"@graph\":[{\"@type\":\"WebPage\",\"@id\":\"https:\/\/scierieeymard.fr\/en\/produit\/table-classique\/\",\"url\":\"https:\/\/scierieeymard.fr\/en\/produit\/table-classique\/\",\"name\":\"Table classique - Scierie Eymard\",\"isPartOf\":{\"@id\":\"https:\/\/scierieeymard.fr\/en\/#website\"},\"primaryImageOfPage\":{\"@id\":\"https:\/\/scierieeymard.fr\/en\/produit\/table-classique\/#primaryimage\"},\"image\":{\"@id\":\"https:\/\/scierieeymard.fr\/en\/produit\/table-classique\/#primaryimage\"},\"thumbnailUrl\":\"https:\/\/scierieeymard.fr\/wp-content\/uploads\/2021\/04\/1-Table-classique.jpg\",\"datePublished\":\"2021-04-09T13:53:21+00:00\",\"dateModified\":\"2021-04-30T08:43:50+00:00\",\"breadcrumb\":{\"@id\":\"https:\/\/scierieeymard.fr\/en\/produit\/table-classique\/#breadcrumb\"},\"inLanguage\":\"en-US\",\"potentialAction\":[{\"@type\":\"ReadAction\",\"target\":[\"https:\/\/scierieeymard.fr\/en\/produit\/table-classique\/\"]}]},{\"@type\":\"ImageObject\",\"inLanguage\":\"en-US\",\"@id\":\"https:\/\/scierieeymard.fr\/en\/produit\/table-classique\/#primaryimage\",\"url\":\"https:\/\/scierieeymard.fr\/wp-content\/uploads\/2021\/04\/1-Table-classique.jpg\",\"contentUrl\":\"https:\/\/scierieeymard.fr\/wp-content\/uploads\/2021\/04\/1-Table-classique.jpg\",\"width\":600,\"height\":429,\"caption\":\"Table classique\"},{\"@type\":\"BreadcrumbList\",\"@id\":\"https:\/\/scierieeymard.fr\/en\/produit\/table-classique\/#breadcrumb\",\"itemListElement\":[{\"@type\":\"ListItem\",\"position\":1,\"name\":\"Shop\",\"item\":\"https:\/\/scierieeymard.fr\/en\/shop\/\"},{\"@type\":\"ListItem\",\"position\":2,\"name\":\"Table classique\"}]},{\"@type\":\"WebSite\",\"@id\":\"https:\/\/scierieeymard.fr\/en\/#website\",\"url\":\"https:\/\/scierieeymard.fr\/en\/\",\"name\":\"Scierie Eymard\",\"description\":\"Construction en bois et achat de bois\",\"publisher\":{\"@id\":\"https:\/\/scierieeymard.fr\/en\/#organization\"},\"potentialAction\":[{\"@type\":\"SearchAction\",\"target\":{\"@type\":\"EntryPoint\",\"urlTemplate\":\"https:\/\/scierieeymard.fr\/en\/?s={search_term_string}\"},\"query-input\":{\"@type\":\"PropertyValueSpecification\",\"valueRequired\":true,\"valueName\":\"search_term_string\"}}],\"inLanguage\":\"en-US\"},{\"@type\":\"Organization\",\"@id\":\"https:\/\/scierieeymard.fr\/en\/#organization\",\"name\":\"Scierie Eymard\",\"url\":\"https:\/\/scierieeymard.fr\/en\/\",\"logo\":{\"@type\":\"ImageObject\",\"inLanguage\":\"en-US\",\"@id\":\"https:\/\/scierieeymard.fr\/en\/#\/schema\/logo\/image\/\",\"url\":\"https:\/\/scierieeymard.fr\/wp-content\/uploads\/2021\/03\/logo-scierie-eymard.svg\",\"contentUrl\":\"https:\/\/scierieeymard.fr\/wp-content\/uploads\/2021\/03\/logo-scierie-eymard.svg\",\"caption\":\"Scierie Eymard\"},\"image\":{\"@id\":\"https:\/\/scierieeymard.fr\/en\/#\/schema\/logo\/image\/\"},\"sameAs\":[\"https:\/\/www.facebook.com\/Scierie-Eymard-107101317462870\/?hc_ref=ARSVTm91ZViHJxXc9szbyYr8rkqRgoG2SJjmX0q-GSPQ7r6idfZTSg5z5JMatqpxVtI&fref=nf&__tn__=kC-R\"]}]}<\/script>\n<!-- \/ Yoast SEO plugin. -->","yoast_head_json":{"title":"Table classique - Scierie Eymard","robots":{"index":"index","follow":"follow","max-snippet":"max-snippet:-1","max-image-preview":"max-image-preview:large","max-video-preview":"max-video-preview:-1"},"canonical":"https:\/\/scierieeymard.fr\/en\/produit\/table-classique\/","og_locale":"en_US","og_type":"article","og_title":"Table classique - Scierie Eymard","og_description":"Fabrication locale et fran\u00e7aise NB : livr\u00e9 en kit, \u00e0 monter soi-m\u00eame Essence : Douglas massif Nombre de places assises : 8 places","og_url":"https:\/\/scierieeymard.fr\/en\/produit\/table-classique\/","og_site_name":"Scierie Eymard","article_publisher":"https:\/\/www.facebook.com\/Scierie-Eymard-107101317462870\/?hc_ref=ARSVTm91ZViHJxXc9szbyYr8rkqRgoG2SJjmX0q-GSPQ7r6idfZTSg5z5JMatqpxVtI&fref=nf&__tn__=kC-R","article_modified_time":"2021-04-30T08:43:50+00:00","og_image":[{"width":600,"height":429,"url":"https:\/\/scierieeymard.fr\/wp-content\/uploads\/2021\/04\/1-Table-classique.jpg","type":"image\/jpeg"}],"twitter_card":"summary_large_image","twitter_misc":{"Est. reading time":"1 minute"},"schema":{"@context":"https:\/\/schema.org","@graph":[{"@type":"WebPage","@id":"https:\/\/scierieeymard.fr\/en\/produit\/table-classique\/","url":"https:\/\/scierieeymard.fr\/en\/produit\/table-classique\/","name":"Table classique - Scierie Eymard","isPartOf":{"@id":"https:\/\/scierieeymard.fr\/en\/#website"},"primaryImageOfPage":{"@id":"https:\/\/scierieeymard.fr\/en\/produit\/table-classique\/#primaryimage"},"image":{"@id":"https:\/\/scierieeymard.fr\/en\/produit\/table-classique\/#primaryimage"},"thumbnailUrl":"https:\/\/scierieeymard.fr\/wp-content\/uploads\/2021\/04\/1-Table-classique.jpg","datePublished":"2021-04-09T13:53:21+00:00","dateModified":"2021-04-30T08:43:50+00:00","breadcrumb":{"@id":"https:\/\/scierieeymard.fr\/en\/produit\/table-classique\/#breadcrumb"},"inLanguage":"en-US","potentialAction":[{"@type":"ReadAction","target":["https:\/\/scierieeymard.fr\/en\/produit\/table-classique\/"]}]},{"@type":"ImageObject","inLanguage":"en-US","@id":"https:\/\/scierieeymard.fr\/en\/produit\/table-classique\/#primaryimage","url":"https:\/\/scierieeymard.fr\/wp-content\/uploads\/2021\/04\/1-Table-classique.jpg","contentUrl":"https:\/\/scierieeymard.fr\/wp-content\/uploads\/2021\/04\/1-Table-classique.jpg","width":600,"height":429,"caption":"Table classique"},{"@type":"BreadcrumbList","@id":"https:\/\/scierieeymard.fr\/en\/produit\/table-classique\/#breadcrumb","itemListElement":[{"@type":"ListItem","position":1,"name":"Shop","item":"https:\/\/scierieeymard.fr\/en\/shop\/"},{"@type":"ListItem","position":2,"name":"Table classique"}]},{"@type":"WebSite","@id":"https:\/\/scierieeymard.fr\/en\/#website","url":"https:\/\/scierieeymard.fr\/en\/","name":"Scierie Eymard","description":"Construction en bois et achat de bois","publisher":{"@id":"https:\/\/scierieeymard.fr\/en\/#organization"},"potentialAction":[{"@type":"SearchAction","target":{"@type":"EntryPoint","urlTemplate":"https:\/\/scierieeymard.fr\/en\/?s={search_term_string}"},"query-input":{"@type":"PropertyValueSpecification","valueRequired":true,"valueName":"search_term_string"}}],"inLanguage":"en-US"},{"@type":"Organization","@id":"https:\/\/scierieeymard.fr\/en\/#organization","name":"Scierie Eymard","url":"https:\/\/scierieeymard.fr\/en\/","logo":{"@type":"ImageObject","inLanguage":"en-US","@id":"https:\/\/scierieeymard.fr\/en\/#\/schema\/logo\/image\/","url":"https:\/\/scierieeymard.fr\/wp-content\/uploads\/2021\/03\/logo-scierie-eymard.svg","contentUrl":"https:\/\/scierieeymard.fr\/wp-content\/uploads\/2021\/03\/logo-scierie-eymard.svg","caption":"Scierie Eymard"},"image":{"@id":"https:\/\/scierieeymard.fr\/en\/#\/schema\/logo\/image\/"},"sameAs":["https:\/\/www.facebook.com\/Scierie-Eymard-107101317462870\/?hc_ref=ARSVTm91ZViHJxXc9szbyYr8rkqRgoG2SJjmX0q-GSPQ7r6idfZTSg5z5JMatqpxVtI&fref=nf&__tn__=kC-R"]}]}},"_links":{"self":[{"href":"https:\/\/scierieeymard.fr\/en\/wp-json\/wp\/v2\/product\/2270","targetHints":{"allow":["GET"]}}],"collection":[{"href":"https:\/\/scierieeymard.fr\/en\/wp-json\/wp\/v2\/product"}],"about":[{"href":"https:\/\/scierieeymard.fr\/en\/wp-json\/wp\/v2\/types\/product"}],"replies":[{"embeddable":true,"href":"https:\/\/scierieeymard.fr\/en\/wp-json\/wp\/v2\/comments?post=2270"}],"version-history":[{"count":0,"href":"https:\/\/scierieeymard.fr\/en\/wp-json\/wp\/v2\/product\/2270\/revisions"}],"wp:featuredmedia":[{"embeddable":true,"href":"https:\/\/scierieeymard.fr\/en\/wp-json\/wp\/v2\/media\/2271"}],"wp:attachment":[{"href":"https:\/\/scierieeymard.fr\/en\/wp-json\/wp\/v2\/media?parent=2270"}],"wp:term":[{"taxonomy":"product_brand","embeddable":true,"href":"https:\/\/scierieeymard.fr\/en\/wp-json\/wp\/v2\/product_brand?post=2270"},{"taxonomy":"product_cat","embeddable":true,"href":"https:\/\/scierieeymard.fr\/en\/wp-json\/wp\/v2\/product_cat?post=2270"},{"taxonomy":"product_tag","embeddable":true,"href":"https:\/\/scierieeymard.fr\/en\/wp-json\/wp\/v2\/product_tag?post=2270"}],"curies":[{"name":"wp","href":"https:\/\/api.w.org\/{rel}","templated":true}]}}